{"id":206,"date":"2021-08-21T15:02:39","date_gmt":"2021-08-21T14:02:39","guid":{"rendered":"https:\/\/ec2-16-171-155-57.eu-north-1.compute.amazonaws.com\/?page_id=206"},"modified":"2021-08-21T15:17:40","modified_gmt":"2021-08-21T14:17:40","slug":"hur-hanger-okr-ihop-i-en-organisation","status":"publish","type":"page","link":"https:\/\/okrbridge.com\/sv\/hur-hanger-okr-ihop-i-en-organisation\/","title":{"rendered":"Hur h\u00e4nger OKR ihop i en organisation?"},"content":{"rendered":"\n<p>Hur h\u00e4nger det hela ihop d\u00e5, skapar fokus och alignment? Om vi tittar p\u00e5 exemplen ovan kan vi faktiskt t\u00e4nka oss att det \u00e4r OKRer fr\u00e5n samma organisation. Vi backar ett steg och t\u00e4nker oss en organisation som har som ambition f\u00f6r \u00e5ret att v\u00e4xa med hj\u00e4lp av nya kunder men \u00e4ven genom att bygga starkare relationer med befintliga.<\/p>\n\n\n\n<p>P\u00e5 organisationsniv\u00e5 skulle man d\u00e5 kunna ha satt ovan m\u00e5l (<strong>Kraftig tillv\u00e4xt med bibeh\u00e5llen l\u00f6nsamhet<\/strong>) och kanske ett m\u00e5l i stil med <strong>F\u00f6rdjupa och st\u00e4rk befintliga kundrelationer<\/strong> som man m\u00e4ter resultat p\u00e5 genom tex antal \u00e5terkommande kunder och betyg i kundutv\u00e4rderingar.<\/p>\n\n\n\n<p>Ett marknadsteam som arbetar med dessa organisationsm\u00e5l skulle d\u00e5 kunna landa i ett objective som ovan (st\u00e4rk v\u00e5ra kundrelationer genom event) f\u00f6r att st\u00f6tta organisationens ambition om djupare kundrelationer. Vanligtvis skulle man \u00e4ven t\u00e4nka sig 2-3 ytterligare objectives i teamet som kanske ytterligare st\u00e4rker detta men \u00e4ven knutna till organisationens m\u00e5l om tillv\u00e4xt och l\u00f6nsamhet.<\/p>\n\n\n\n<p>Supportteamet som kikar p\u00e5 dessa organisationsm\u00e5l kan nog ha en stark diskussion om hur man kan st\u00f6dja organisationens tillv\u00e4xtm\u00e5l (kan man arbeta mer med f\u00f6rs\u00e4ljning i teamet?) men n\u00e4ra till hands ligger \u00e4ven m\u00e5l som ovan kring snabb \u00e4rendehantering, en viktig komponent f\u00f6r att st\u00e4rka kundrelationer och h\u00f6ja betyget i kundutv\u00e4rderingar.<\/p>\n\n\n\n<p>Transparens g\u00e5r som en r\u00f6d tr\u00e5d genom OKR. Det inneb\u00e4r att samtliga objectives och key results \u00e4r tillg\u00e4ngliga f\u00f6r alla i organisationen vilket \u00e4r en f\u00f6ruts\u00e4ttning f\u00f6r samarbete mellan team n\u00e4r man s\u00e4tter sina OKR men \u00e4ven f\u00f6r att s\u00e4kerst\u00e4lla att organisationens \u00f6vergripande strategi n\u00e5r ut i hela organisationen (genom OKR p\u00e5 organisationsniv\u00e5).<\/p>\n\n\n\n<h2 class=\"wp-block-heading\">Direkt och indirekt kopplade OKR<\/h2>\n\n\n\n<p>N\u00e4r man som team s\u00e4tter sina OKR kan det se lite olika ut beroende p\u00e5 var i organisationen man befinner sig. Ett s\u00e4ljteam kan tex i m\u00e5nga fall ganska enkelt ta ned de \u00f6vergripande oms\u00e4ttningsm\u00e5len och bygga sina OKR runt dessa. Detta kan man se som ett direkt kopplat OKR d\u00e4r resultat i teamet har en direkt effekt p\u00e5 de \u00f6vergripande resultaten.<\/p>\n\n\n\n<p>Men vad g\u00f6r d\u00e5 tex en ekonomifunktion? Mycket av arbetet i en ekonomifunktion kan vara processorienterat och kanske inte det omr\u00e5de d\u00e4r man tydligast kan g\u00f6ra kopplingar till f\u00f6retagets \u00f6vergripande vision. Det finns dock ingen anledning till att en ekonomifunktion inte skall kunna vara en strategisk tillg\u00e5ng som st\u00f6ttar organisationens m\u00e5l p\u00e5 fler s\u00e4tt \u00e4n i effektiva processer.<\/p>\n\n\n\n<p>En del av magin med OKR uppst\u00e5r just h\u00e4r, i diskussionen om hur enskilda team kan st\u00f6tta den \u00f6vergripande framg\u00e5ngen f\u00f6r organisationen. Dessa teams m\u00e5l kanske inte har direkt p\u00e5verkan p\u00e5 ett m\u00e5l (som att \u00f6ka f\u00f6rs\u00e4ljningen) utan ist\u00e4llet en indirekt effekt d\u00e4r de underl\u00e4ttar eller p\u00e5 annat s\u00e4tt st\u00f6djer ett \u00f6vergripande m\u00e5l (som att g\u00f6ra annonsering f\u00f6r att p\u00e5 l\u00e4ngre sikt \u00f6ka f\u00f6rs\u00e4ljningen genom varum\u00e4rkesk\u00e4nnedom).<\/p>\n\n\n\n<p>Med det perspektivet kan man t\u00e4nka sig en uppsj\u00f6 av resultat fr\u00e5n en ekonomifunktion som st\u00f6ttar v\u00e5r exempelorganistion ovan. Kan man st\u00f6tta kundrelationen genom att bygga personliga relationer med kundernas ekonomiavdelningar, skriva om nya produkter i sidfoten p\u00e5 fakturor eller avlasta s\u00e4ljorganisationen i hanteringen av betalningar f\u00f6r att n\u00e4mna n\u00e5gra.<\/p>\n","protected":false},"excerpt":{"rendered":"<p>Hur h\u00e4nger det hela ihop d\u00e5, skapar fokus och alignment? Om vi tittar p\u00e5 exemplen ovan kan vi faktiskt t\u00e4nka oss att det \u00e4r OKRer fr\u00e5n samma organisation. Vi backar ett steg och t\u00e4nker oss en organisation som har som ambition f\u00f6r \u00e5ret att v\u00e4xa med hj\u00e4lp av nya kunder men \u00e4ven genom att bygga [&hellip;]<\/p>\n","protected":false},"author":1,"featured_media":0,"parent":0,"menu_order":8,"comment_status":"closed","ping_status":"closed","template":"templates\/page-okr.php","meta":{"footnotes":""},"yoast_head":"<!-- This site is optimized with the Yoast SEO plugin v21.1 - https:\/\/yoast.com\/wordpress\/plugins\/seo\/ -->\n<title>Hur h\u00e4nger OKR ihop i en organisation? - OKR Bridge<\/title>\n<meta name=\"robots\" content=\"index, follow, max-snippet:-1, max-image-preview:large, max-video-preview:-1\" \/>\n<link rel=\"canonical\" href=\"https:\/\/okrbridge.com\/sv\/hur-hanger-okr-ihop-i-en-organisation\/\" \/>\n<meta property=\"og:locale\" content=\"sv_SE\" \/>\n<meta property=\"og:type\" content=\"article\" \/>\n<meta property=\"og:title\" content=\"Hur h\u00e4nger OKR ihop i en organisation? - OKR Bridge\" \/>\n<meta property=\"og:description\" content=\"Hur h\u00e4nger det hela ihop d\u00e5, skapar fokus och alignment? Om vi tittar p\u00e5 exemplen ovan kan vi faktiskt t\u00e4nka oss att det \u00e4r OKRer fr\u00e5n samma organisation. Vi backar ett steg och t\u00e4nker oss en organisation som har som ambition f\u00f6r \u00e5ret att v\u00e4xa med hj\u00e4lp av nya kunder men \u00e4ven genom att bygga [&hellip;]\" \/>\n<meta property=\"og:url\" content=\"https:\/\/okrbridge.com\/sv\/hur-hanger-okr-ihop-i-en-organisation\/\" \/>\n<meta property=\"og:site_name\" content=\"OKR Bridge\" \/>\n<meta property=\"article:publisher\" content=\"https:\/\/www.facebook.com\/Bantero-124067070959819\/\" \/>\n<meta property=\"article:modified_time\" content=\"2021-08-21T14:17:40+00:00\" \/>\n<meta property=\"og:image\" content=\"https:\/\/okrbridge.com\/wp-content\/uploads\/2020\/03\/cover4.jpg\" \/>\n\t<meta property=\"og:image:width\" content=\"744\" \/>\n\t<meta property=\"og:image:height\" content=\"400\" \/>\n\t<meta property=\"og:image:type\" content=\"image\/jpeg\" \/>\n<meta name=\"twitter:card\" content=\"summary_large_image\" \/>\n<meta name=\"twitter:site\" content=\"@webpal\" \/>\n<meta name=\"twitter:label1\" content=\"Est. reading time\" \/>\n\t<meta name=\"twitter:data1\" content=\"3 minutes\" \/>\n<script type=\"application\/ld+json\" class=\"yoast-schema-graph\">{\"@context\":\"https:\/\/schema.org\",\"@graph\":[{\"@type\":\"WebPage\",\"@id\":\"https:\/\/okrbridge.com\/sv\/hur-hanger-okr-ihop-i-en-organisation\/\",\"url\":\"https:\/\/okrbridge.com\/sv\/hur-hanger-okr-ihop-i-en-organisation\/\",\"name\":\"Hur h\u00e4nger OKR ihop i en organisation? - OKR Bridge\",\"isPartOf\":{\"@id\":\"http:\/\/13.53.185.170\/#website\"},\"datePublished\":\"2021-08-21T14:02:39+00:00\",\"dateModified\":\"2021-08-21T14:17:40+00:00\",\"breadcrumb\":{\"@id\":\"https:\/\/okrbridge.com\/sv\/hur-hanger-okr-ihop-i-en-organisation\/#breadcrumb\"},\"inLanguage\":\"sv-SE\",\"potentialAction\":[{\"@type\":\"ReadAction\",\"target\":[\"https:\/\/okrbridge.com\/sv\/hur-hanger-okr-ihop-i-en-organisation\/\"]}]},{\"@type\":\"BreadcrumbList\",\"@id\":\"https:\/\/okrbridge.com\/sv\/hur-hanger-okr-ihop-i-en-organisation\/#breadcrumb\",\"itemListElement\":[{\"@type\":\"ListItem\",\"position\":1,\"name\":\"Home\",\"item\":\"https:\/\/okrbridge.com\/sv\/\"},{\"@type\":\"ListItem\",\"position\":2,\"name\":\"Hur h\u00e4nger OKR ihop i en organisation?\"}]},{\"@type\":\"WebSite\",\"@id\":\"http:\/\/13.53.185.170\/#website\",\"url\":\"http:\/\/13.53.185.170\/\",\"name\":\"Bantero\",\"description\":\"Objectives &amp; Key Results from theory to implementation\",\"publisher\":{\"@id\":\"http:\/\/13.53.185.170\/#organization\"},\"potentialAction\":[{\"@type\":\"SearchAction\",\"target\":{\"@type\":\"EntryPoint\",\"urlTemplate\":\"http:\/\/13.53.185.170\/?s={search_term_string}\"},\"query-input\":\"required name=search_term_string\"}],\"inLanguage\":\"sv-SE\"},{\"@type\":\"Organization\",\"@id\":\"http:\/\/13.53.185.170\/#organization\",\"name\":\"Bantero AB\",\"url\":\"http:\/\/13.53.185.170\/\",\"logo\":{\"@type\":\"ImageObject\",\"inLanguage\":\"sv-SE\",\"@id\":\"http:\/\/13.53.185.170\/#\/schema\/logo\/image\/\",\"url\":\"http:\/\/ec2-16-171-155-57.eu-north-1.compute.amazonaws.com\/wp-content\/uploads\/2020\/02\/email-bantero.png\",\"contentUrl\":\"http:\/\/ec2-16-171-155-57.eu-north-1.compute.amazonaws.com\/wp-content\/uploads\/2020\/02\/email-bantero.png\",\"width\":192,\"height\":45,\"caption\":\"Bantero AB\"},\"image\":{\"@id\":\"http:\/\/13.53.185.170\/#\/schema\/logo\/image\/\"},\"sameAs\":[\"https:\/\/www.facebook.com\/Bantero-124067070959819\/\",\"https:\/\/twitter.com\/webpal\",\"https:\/\/www.linkedin.com\/company\/3524158\"]}]}<\/script>\n<!-- \/ Yoast SEO plugin. -->","yoast_head_json":{"title":"Hur h\u00e4nger OKR ihop i en organisation? - OKR Bridge","robots":{"index":"index","follow":"follow","max-snippet":"max-snippet:-1","max-image-preview":"max-image-preview:large","max-video-preview":"max-video-preview:-1"},"canonical":"https:\/\/okrbridge.com\/sv\/hur-hanger-okr-ihop-i-en-organisation\/","og_locale":"sv_SE","og_type":"article","og_title":"Hur h\u00e4nger OKR ihop i en organisation? - OKR Bridge","og_description":"Hur h\u00e4nger det hela ihop d\u00e5, skapar fokus och alignment? Om vi tittar p\u00e5 exemplen ovan kan vi faktiskt t\u00e4nka oss att det \u00e4r OKRer fr\u00e5n samma organisation. Vi backar ett steg och t\u00e4nker oss en organisation som har som ambition f\u00f6r \u00e5ret att v\u00e4xa med hj\u00e4lp av nya kunder men \u00e4ven genom att bygga [&hellip;]","og_url":"https:\/\/okrbridge.com\/sv\/hur-hanger-okr-ihop-i-en-organisation\/","og_site_name":"OKR Bridge","article_publisher":"https:\/\/www.facebook.com\/Bantero-124067070959819\/","article_modified_time":"2021-08-21T14:17:40+00:00","og_image":[{"width":744,"height":400,"url":"https:\/\/okrbridge.com\/wp-content\/uploads\/2020\/03\/cover4.jpg","type":"image\/jpeg"}],"twitter_card":"summary_large_image","twitter_site":"@webpal","twitter_misc":{"Est. reading time":"3 minutes"},"schema":{"@context":"https:\/\/schema.org","@graph":[{"@type":"WebPage","@id":"https:\/\/okrbridge.com\/sv\/hur-hanger-okr-ihop-i-en-organisation\/","url":"https:\/\/okrbridge.com\/sv\/hur-hanger-okr-ihop-i-en-organisation\/","name":"Hur h\u00e4nger OKR ihop i en organisation? - OKR Bridge","isPartOf":{"@id":"http:\/\/13.53.185.170\/#website"},"datePublished":"2021-08-21T14:02:39+00:00","dateModified":"2021-08-21T14:17:40+00:00","breadcrumb":{"@id":"https:\/\/okrbridge.com\/sv\/hur-hanger-okr-ihop-i-en-organisation\/#breadcrumb"},"inLanguage":"sv-SE","potentialAction":[{"@type":"ReadAction","target":["https:\/\/okrbridge.com\/sv\/hur-hanger-okr-ihop-i-en-organisation\/"]}]},{"@type":"BreadcrumbList","@id":"https:\/\/okrbridge.com\/sv\/hur-hanger-okr-ihop-i-en-organisation\/#breadcrumb","itemListElement":[{"@type":"ListItem","position":1,"name":"Home","item":"https:\/\/okrbridge.com\/sv\/"},{"@type":"ListItem","position":2,"name":"Hur h\u00e4nger OKR ihop i en organisation?"}]},{"@type":"WebSite","@id":"http:\/\/13.53.185.170\/#website","url":"http:\/\/13.53.185.170\/","name":"Bantero","description":"Objectives &amp; Key Results from theory to implementation","publisher":{"@id":"http:\/\/13.53.185.170\/#organization"},"potentialAction":[{"@type":"SearchAction","target":{"@type":"EntryPoint","urlTemplate":"http:\/\/13.53.185.170\/?s={search_term_string}"},"query-input":"required name=search_term_string"}],"inLanguage":"sv-SE"},{"@type":"Organization","@id":"http:\/\/13.53.185.170\/#organization","name":"Bantero AB","url":"http:\/\/13.53.185.170\/","logo":{"@type":"ImageObject","inLanguage":"sv-SE","@id":"http:\/\/13.53.185.170\/#\/schema\/logo\/image\/","url":"http:\/\/ec2-16-171-155-57.eu-north-1.compute.amazonaws.com\/wp-content\/uploads\/2020\/02\/email-bantero.png","contentUrl":"http:\/\/ec2-16-171-155-57.eu-north-1.compute.amazonaws.com\/wp-content\/uploads\/2020\/02\/email-bantero.png","width":192,"height":45,"caption":"Bantero AB"},"image":{"@id":"http:\/\/13.53.185.170\/#\/schema\/logo\/image\/"},"sameAs":["https:\/\/www.facebook.com\/Bantero-124067070959819\/","https:\/\/twitter.com\/webpal","https:\/\/www.linkedin.com\/company\/3524158"]}]}},"_links":{"self":[{"href":"https:\/\/okrbridge.com\/sv\/wp-json\/wp\/v2\/pages\/206"}],"collection":[{"href":"https:\/\/okrbridge.com\/sv\/wp-json\/wp\/v2\/pages"}],"about":[{"href":"https:\/\/okrbridge.com\/sv\/wp-json\/wp\/v2\/types\/page"}],"author":[{"embeddable":true,"href":"https:\/\/okrbridge.com\/sv\/wp-json\/wp\/v2\/users\/1"}],"replies":[{"embeddable":true,"href":"https:\/\/okrbridge.com\/sv\/wp-json\/wp\/v2\/comments?post=206"}],"version-history":[{"count":1,"href":"https:\/\/okrbridge.com\/sv\/wp-json\/wp\/v2\/pages\/206\/revisions"}],"predecessor-version":[{"id":207,"href":"https:\/\/okrbridge.com\/sv\/wp-json\/wp\/v2\/pages\/206\/revisions\/207"}],"wp:attachment":[{"href":"https:\/\/okrbridge.com\/sv\/wp-json\/wp\/v2\/media?parent=206"}],"curies":[{"name":"wp","href":"https:\/\/api.w.org\/{rel}","templated":true}]}}