{"id":210,"date":"2021-08-21T15:03:47","date_gmt":"2021-08-21T14:03:47","guid":{"rendered":"https:\/\/ec2-16-171-155-57.eu-north-1.compute.amazonaws.com\/?page_id=210"},"modified":"2021-08-21T15:04:00","modified_gmt":"2021-08-21T14:04:00","slug":"hur-foljer-man-upp-och-poangsatter-okr","status":"publish","type":"page","link":"https:\/\/okrbridge.com\/sv\/hur-foljer-man-upp-och-poangsatter-okr\/","title":{"rendered":"Hur f\u00f6ljer man upp och po\u00e4ngs\u00e4tter OKR?"},"content":{"rendered":"\n<p>Som vi sett \u00e4r ju OKR en modell f\u00f6r att skapa fokus p\u00e5 resultat och naturligt nog finns h\u00e4r \u00e4ven en del riktlinjer kring hur man kan f\u00f6lja upp p\u00e5 och utv\u00e4rdera sina framsteg.<\/p>\n\n\n\n<p>Vid en implementation av OKR har varje organisation att ta st\u00e4llning till vilken rytm (<em>cadence<\/em>) man ser passar de interna processerna och arbetss\u00e4tten. N\u00e5got av en standard har dock b\u00f6rjat etablera sig med fler och fler f\u00f6retag som implementerar ramverket.<\/p>\n\n\n\n<h2 class=\"wp-block-heading\">Exempel p\u00e5 en OKR-rytm<\/h2>\n\n\n\n<p>En v\u00e4ldigt vanlig rytm f\u00f6r OKR-s\u00e4ttning och uppf\u00f6ljning brukar se ut s\u00e5h\u00e4r,<\/p>\n\n\n\n<ul><li>Strax innan \u00e5rsskiftet samlas ledningen f\u00f6r att ta fram OKRer f\u00f6r det kommande <strong>\u00e5ret,<\/strong> dvs med key results som str\u00e4cker sig \u00f6ver hela \u00e5ret (tex \u00e5rets f\u00f6rs\u00e4ljningsbudget)<\/li><li>I b\u00f6rjan av \u00e5ret samlas teamen och s\u00e4tter sina m\u00e5l f\u00f6r <strong>kvartalet <\/strong>med organisationens \u00e5rsm\u00e5l som underlag. Ambitionen blir h\u00e4r att se vad teamet beh\u00f6ver \u00e5stadkomma i kvartalet f\u00f6r att ta organisationen ett kvartal n\u00e4rmre sitt \u00e5rsm\u00e5l<\/li><li>I de fall man har flera niv\u00e5er av divisioner och team kan dessa antingen s\u00e4tta sina OKRer i turordning uppifr\u00e5n och ned men man f\u00e5r i detta l\u00e4ge r\u00e4kna med att team l\u00e4ngre ut i organisationen s\u00e4tter sina OKR innan deras n\u00e4rmsta team satt sina (s\u00e5 l\u00e4nge de kan arbeta mot organisationens gemensamma OKR b\u00f6r det inte utg\u00f6ra n\u00e5got problem)<\/li><li><strong>Varje eller varannan vecka<\/strong> f\u00f6ljs OKR upp p\u00e5 teamniv\u00e5 d\u00e4r man dokumenterar resultat och diskuterar omprioriteringar och resursf\u00f6rdelning. Samma \u00f6vning g\u00f6rs med f\u00f6rdel \u00e4ven p\u00e5 ledningsniv\u00e5 d\u00e4r man \u00e4ven kan f\u00f6lja upp p\u00e5 hur de olika teamen ligger till mot sina uppsatta OKRer<\/li><li><strong>Mitt i kvartalet<\/strong> g\u00f6rs vanligtvis en st\u00f6rre uppf\u00f6ljning i teamen d\u00e4r man g\u00e5r igenom status och \u00e4ven po\u00e4ngs\u00e4tter sina key results (mer om det nedan). Detta \u00e4r en viktig sammankomst f\u00f6r att s\u00e4kerst\u00e4lla fokus och status &#8211; arbetar vi p\u00e5 r\u00e4tt saker, har det effekt?<\/li><li><strong>Vid slutet av kvartalet<\/strong> g\u00f6rs dels en slutuppf\u00f6ljning av po\u00e4ngs\u00e4ttning av kvartalets OKR och en retrospektiv d\u00e4r man diskuterar vad som fungerat bra och mindre bra i OKR-arbetet det g\u00e5ngna kvartalet. Detta g\u00f6rs b\u00e5de p\u00e5 teamniv\u00e5 och med hela f\u00f6retaget f\u00f6r uppf\u00f6ljning kring hur organisationen ligger till mot sina \u00e5rsm\u00e5l.<\/li><li>I m\u00e5nga fall tar man med sig n\u00e5gra objectives fr\u00e5n ett kvartal till ett annat men vid slutet av kvartalet \u00e4r det \u00e4ven dags att s\u00e4tta upp nya objectives och key results f\u00f6r det kommande kvartalet.<\/li><li>Mot <strong>slutet av det fj\u00e4rde kvartalet<\/strong> g\u00f6rs en st\u00f6rre uppf\u00f6ljning av organisationens gemensamma OKR medan team\/divisioner presenterar sina utfall \u00f6ver \u00e5ret.<\/li><\/ul>\n\n\n\n<p>T\u00e4nk p\u00e5 att ovan representerar en full utrullning av OKR i hela organisationen &#8211; de flesta organisationer b\u00f6rjar med en implementation p\u00e5 kanske ledningsniv\u00e5 eller i ett specifikt team. P\u00e5 detta vis finns chans att arbeta in sig i en rytm, l\u00e4ra sig om hur OKR fungerar i organisationen och b\u00f6rja se det v\u00e4rde det skapar inf\u00f6r en bredare implementation.<\/p>\n\n\n\n<h2 class=\"wp-block-heading\">Po\u00e4ngs\u00e4ttning av Key Results<\/h2>\n\n\n\n<p>Po\u00e4ngs\u00e4ttning \u00e4r en central del av OKR och det \u00e4r framf\u00f6rallt key results man s\u00e4tter po\u00e4ng p\u00e5 (i vissa fall summerar man ihop sina key results f\u00f6r att s\u00e4tta en po\u00e4ng p\u00e5 ett objective och sedan ytterligare en g\u00e5ng f\u00f6r att s\u00e4tta en po\u00e4ng p\u00e5 hela sin OKR).<\/p>\n\n\n\n<p>Syftet med po\u00e4ngs\u00e4ttningen \u00e4r att utv\u00e4rdera om man uppn\u00e5r f\u00f6rv\u00e4ntade resultat med sina aktiviteter, om man l\u00e4gger fokus p\u00e5 r\u00e4tt saker och \u00f6vergripande om det finns sk\u00e4l att omprioritera, skippa ett specifikt objective eller be om mer resurser. Po\u00e4ngs\u00e4ttning hj\u00e4lper \u00e4ven i s\u00e4ttningen av key results d\u00e5 man redan d\u00e4r kan initiera en diskussion om hur olika utfall skall po\u00e4ngs\u00e4ttas. Detta kan vara ganska enkelt i de fall ett key results \u00e4r att uppn\u00e5 ett specifikt tal (hur m\u00e5nga procent n\u00e5dde vi?) men viktigt i de fall ett key result \u00e4r mer bin\u00e4rt som <strong>Lansera produkt X<\/strong> d\u00e4r man kan f\u00f6rdefiniera po\u00e4ng f\u00f6r tex intern lansering, lansering av beta och full lansering (m\u00e4tbarheten i detta key result skulle kunna ifr\u00e5gas\u00e4ttas, men som du kommer m\u00e4rka om du implementerar OKR finns det resultat som tenderar att vara bin\u00e4ra och det skall inte alltid vara ett sk\u00e4l till att utesluta dem).<\/p>\n\n\n\n<p><strong>Den vanligaste po\u00e4ngskalan som anv\u00e4nds idag \u00e4r mellan 0 och 1 d\u00e4r 0,3 motsvarar minimal effekt p\u00e5 resultatet, 0,7 \u00e4r en fulltr\u00e4ff och 1 en extrem prestation.<\/strong><\/p>\n\n\n\n<p>Denna typ av po\u00e4ngskala \u00e4r framtagen f\u00f6r att uppmuntra till ambiti\u00f6sa stretchm\u00e5l i s\u00e4ttningen av key results d\u00e4r man skall vara n\u00f6jd om man som team uppn\u00e5r i snitt 0,6-0,7 p\u00e5 sina OKR.<\/p>\n\n\n\n<p>Teorin om m\u00e5ls\u00e4ttningar visar \u00e5terkommande p\u00e5 vikten av att s\u00e4tta h\u00f6ga (men inte ouppn\u00e5eliga) m\u00e5l f\u00f6r att n\u00e5 starka resultat och en ambition med OKR \u00e4r att hj\u00e4lpa organisationer att utvidga sin uppfattning om vad som \u00e4r m\u00f6jligt. Denna typ av po\u00e4ngs\u00e4ttning kr\u00e4ver dock lite tid att v\u00e4nja sig vid och det kan vara tufft att l\u00f6pande bara uppn\u00e5 60-70% av sina m\u00e5l.<\/p>\n\n\n\n<p>Detta \u00e4r ett omr\u00e5de d\u00e4r organisationer ofta hittar sin egen v\u00e4g. Kom ih\u00e5g att det inte handlar om utv\u00e4rdering &#8211; utan om en chans att korrigera, fokusera och bli b\u00e4ttre!<\/p>\n\n\n\n<h2 class=\"wp-block-heading\">OKR, utvecklingssamtal och kompensation<\/h2>\n\n\n\n<p>En ofta uppkommen fr\u00e5ga \u00e4r hur OKR och po\u00e4ngs\u00e4ttning f\u00f6rh\u00e5ller sig till kompensation och utvecklingssamtal. Det enkla svaret \u00e4r en stark rekommendation att kraftigt separera p\u00e5 de tv\u00e5. Det fr\u00e4msta sk\u00e4let till detta \u00e4r utmaningen med att be organisationen att s\u00e4tta ambiti\u00f6sa m\u00e5l och sedan utv\u00e4rdera baserat p\u00e5 de satta m\u00e5len &#8211; om man f\u00f6ljer po\u00e4ngsystemet ovan \u00e4ven med en f\u00f6rv\u00e4ntan om att man bara skall uppn\u00e5 60-70% av sina uppsatta m\u00e5l.<\/p>\n\n\n\n<p>Kopplingen mellan de tv\u00e5 leder l\u00e4tt till vad som p\u00e5 engelska kallas <em>sandbaging<\/em>, dvs att medarbetarna s\u00e4tter f\u00f6rsiktiga och enkelt uppn\u00e5eliga m\u00e5l. P\u00e5 det viset tappar hela ramverket sin kraft.<\/p>\n\n\n\n<p>OKR kan dock vara ett verktyg i utvecklingssamtal och l\u00f6pande diskussioner kring fokus och hur man tar f\u00f6r sig av arbetsuppgifter tex. S\u00e5 l\u00e4nge man inte utv\u00e4rderar baserat p\u00e5 po\u00e4ngs\u00e4ttningen s\u00e5 kan OKR ist\u00e4llet vara ett kraftfullt s\u00e4tt att diskutera kring medarbetarens individuella bidrag till team och organisation.<\/p>\n\n\n\n<h2 class=\"wp-block-heading\">Comittade OKR<\/h2>\n\n\n\n<p>En modell som dyker upp ibland (bland annat hos Google) \u00e4r en kombination av OKR som strategiskt ramverk och utlovade resultat. Det kan tyckas mots\u00e4gelsefullt efter diskussionen om OKR, po\u00e4ngs\u00e4ttning och utvecklingssamtal, men s\u00e5 l\u00e4nge skillnaden \u00e4r tydligt markerad mellan vanliga OKR och comittade s\u00e5 \u00e4r det ett ganska elegant s\u00e4tt att baka ihop behovet av strategiskt fokus med uppf\u00f6ljning p\u00e5 verksamhets-KPIer (mer om det nedan).<\/p>\n\n\n\n<p>Vad kan d\u00e5 vara ett commitat OKR? T\u00e4nk s\u00e4lj och kostnadsm\u00e5l, s\u00e5dana m\u00e4tetal som f\u00e5r stora konsekvenser om man inte uppn\u00e5r budgeterat resultat i. H\u00e4r passar inte modellen med att 60-70% uppfyllnad \u00e4r ett starkt resultat och att fokus i po\u00e4ngs\u00e4ttning \u00e4r att l\u00e4ra sig och prioritera. \u00c4ven om dessa kan inneh\u00e5lla moment av stretch s\u00e5 beh\u00f6ver organisationen noga f\u00f6lja att de faller ut enligt plan och vidta \u00e5tg\u00e4rder om de skulle falla efter.<\/p>\n\n\n\n<p>H\u00e4r kan man t\u00e4nka sig en annan po\u00e4ngskala d\u00e4r 1 representerar det f\u00f6rv\u00e4ntade resultatet och att teamet\/ledaren s\u00e4tter denna OKR i f\u00f6rhandling med sin chef d\u00e4r chefen tillhandah\u00e5ller resurser och ledaren mot detta binder sig till att leverera ett visst resultat.<\/p>\n\n\n\n<p>Naturligt nog f\u00e5r dessa OKR en h\u00f6gre prioritet och kan \u00e4ven hanteras lite annorlunda i de l\u00f6pande uppf\u00f6ljningarna.<\/p>\n","protected":false},"excerpt":{"rendered":"<p>Som vi sett \u00e4r ju OKR en modell f\u00f6r att skapa fokus p\u00e5 resultat och naturligt nog finns h\u00e4r \u00e4ven en del riktlinjer kring hur man kan f\u00f6lja upp p\u00e5 och utv\u00e4rdera sina framsteg. Vid en implementation av OKR har varje organisation att ta st\u00e4llning till vilken rytm (cadence) man ser passar de interna processerna [&hellip;]<\/p>\n","protected":false},"author":1,"featured_media":0,"parent":0,"menu_order":9,"comment_status":"closed","ping_status":"closed","template":"templates\/page-okr.php","meta":{"footnotes":""},"yoast_head":"<!-- This site is optimized with the Yoast SEO plugin v21.1 - https:\/\/yoast.com\/wordpress\/plugins\/seo\/ -->\n<title>Hur f\u00f6ljer man upp och po\u00e4ngs\u00e4tter OKR? - OKR Bridge<\/title>\n<meta name=\"robots\" content=\"index, follow, max-snippet:-1, max-image-preview:large, max-video-preview:-1\" \/>\n<link rel=\"canonical\" href=\"https:\/\/ec2-13-53-185-170.eu-north-1.compute.amazonaws.com\/sv\/hur-foljer-man-upp-och-poangsatter-okr\/\" \/>\n<meta property=\"og:locale\" content=\"sv_SE\" \/>\n<meta property=\"og:type\" content=\"article\" \/>\n<meta property=\"og:title\" content=\"Hur f\u00f6ljer man upp och po\u00e4ngs\u00e4tter OKR? - OKR Bridge\" \/>\n<meta property=\"og:description\" content=\"Som vi sett \u00e4r ju OKR en modell f\u00f6r att skapa fokus p\u00e5 resultat och naturligt nog finns h\u00e4r \u00e4ven en del riktlinjer kring hur man kan f\u00f6lja upp p\u00e5 och utv\u00e4rdera sina framsteg. Vid en implementation av OKR har varje organisation att ta st\u00e4llning till vilken rytm (cadence) man ser passar de interna processerna [&hellip;]\" \/>\n<meta property=\"og:url\" content=\"https:\/\/ec2-13-53-185-170.eu-north-1.compute.amazonaws.com\/sv\/hur-foljer-man-upp-och-poangsatter-okr\/\" \/>\n<meta property=\"og:site_name\" content=\"OKR Bridge\" \/>\n<meta property=\"article:publisher\" content=\"https:\/\/www.facebook.com\/Bantero-124067070959819\/\" \/>\n<meta property=\"article:modified_time\" content=\"2021-08-21T14:04:00+00:00\" \/>\n<meta property=\"og:image\" content=\"https:\/\/okrbridge.com\/wp-content\/uploads\/2020\/03\/cover4.jpg\" \/>\n\t<meta property=\"og:image:width\" content=\"744\" \/>\n\t<meta property=\"og:image:height\" content=\"400\" \/>\n\t<meta property=\"og:image:type\" content=\"image\/jpeg\" \/>\n<meta name=\"twitter:card\" content=\"summary_large_image\" \/>\n<meta name=\"twitter:site\" content=\"@webpal\" \/>\n<meta name=\"twitter:label1\" content=\"Est. reading time\" \/>\n\t<meta name=\"twitter:data1\" content=\"7 minutes\" \/>\n<script type=\"application\/ld+json\" class=\"yoast-schema-graph\">{\"@context\":\"https:\/\/schema.org\",\"@graph\":[{\"@type\":\"WebPage\",\"@id\":\"https:\/\/ec2-13-53-185-170.eu-north-1.compute.amazonaws.com\/sv\/hur-foljer-man-upp-och-poangsatter-okr\/\",\"url\":\"https:\/\/ec2-13-53-185-170.eu-north-1.compute.amazonaws.com\/sv\/hur-foljer-man-upp-och-poangsatter-okr\/\",\"name\":\"Hur f\u00f6ljer man upp och po\u00e4ngs\u00e4tter OKR? - OKR Bridge\",\"isPartOf\":{\"@id\":\"https:\/\/www.baidu.com:443\/#website\"},\"datePublished\":\"2021-08-21T14:03:47+00:00\",\"dateModified\":\"2021-08-21T14:04:00+00:00\",\"breadcrumb\":{\"@id\":\"https:\/\/ec2-13-53-185-170.eu-north-1.compute.amazonaws.com\/sv\/hur-foljer-man-upp-och-poangsatter-okr\/#breadcrumb\"},\"inLanguage\":\"sv-SE\",\"potentialAction\":[{\"@type\":\"ReadAction\",\"target\":[\"https:\/\/ec2-13-53-185-170.eu-north-1.compute.amazonaws.com\/sv\/hur-foljer-man-upp-och-poangsatter-okr\/\"]}]},{\"@type\":\"BreadcrumbList\",\"@id\":\"https:\/\/ec2-13-53-185-170.eu-north-1.compute.amazonaws.com\/sv\/hur-foljer-man-upp-och-poangsatter-okr\/#breadcrumb\",\"itemListElement\":[{\"@type\":\"ListItem\",\"position\":1,\"name\":\"Home\",\"item\":\"http:\/\/13.53.185.170\/sv\/\"},{\"@type\":\"ListItem\",\"position\":2,\"name\":\"Hur f\u00f6ljer man upp och po\u00e4ngs\u00e4tter OKR?\"}]},{\"@type\":\"WebSite\",\"@id\":\"https:\/\/www.baidu.com:443\/#website\",\"url\":\"https:\/\/www.baidu.com:443\/\",\"name\":\"Bantero\",\"description\":\"Objectives &amp; Key Results from theory to implementation\",\"publisher\":{\"@id\":\"https:\/\/www.baidu.com:443\/#organization\"},\"potentialAction\":[{\"@type\":\"SearchAction\",\"target\":{\"@type\":\"EntryPoint\",\"urlTemplate\":\"https:\/\/www.baidu.com:443\/?s={search_term_string}\"},\"query-input\":\"required name=search_term_string\"}],\"inLanguage\":\"sv-SE\"},{\"@type\":\"Organization\",\"@id\":\"https:\/\/www.baidu.com:443\/#organization\",\"name\":\"Bantero AB\",\"url\":\"https:\/\/www.baidu.com:443\/\",\"logo\":{\"@type\":\"ImageObject\",\"inLanguage\":\"sv-SE\",\"@id\":\"https:\/\/www.baidu.com:443\/#\/schema\/logo\/image\/\",\"url\":\"http:\/\/ec2-16-171-155-57.eu-north-1.compute.amazonaws.com\/wp-content\/uploads\/2020\/02\/email-bantero.png\",\"contentUrl\":\"http:\/\/ec2-16-171-155-57.eu-north-1.compute.amazonaws.com\/wp-content\/uploads\/2020\/02\/email-bantero.png\",\"width\":192,\"height\":45,\"caption\":\"Bantero AB\"},\"image\":{\"@id\":\"https:\/\/www.baidu.com:443\/#\/schema\/logo\/image\/\"},\"sameAs\":[\"https:\/\/www.facebook.com\/Bantero-124067070959819\/\",\"https:\/\/twitter.com\/webpal\",\"https:\/\/www.linkedin.com\/company\/3524158\"]}]}<\/script>\n<!-- \/ Yoast SEO plugin. -->","yoast_head_json":{"title":"Hur f\u00f6ljer man upp och po\u00e4ngs\u00e4tter OKR? - OKR Bridge","robots":{"index":"index","follow":"follow","max-snippet":"max-snippet:-1","max-image-preview":"max-image-preview:large","max-video-preview":"max-video-preview:-1"},"canonical":"https:\/\/ec2-13-53-185-170.eu-north-1.compute.amazonaws.com\/sv\/hur-foljer-man-upp-och-poangsatter-okr\/","og_locale":"sv_SE","og_type":"article","og_title":"Hur f\u00f6ljer man upp och po\u00e4ngs\u00e4tter OKR? - OKR Bridge","og_description":"Som vi sett \u00e4r ju OKR en modell f\u00f6r att skapa fokus p\u00e5 resultat och naturligt nog finns h\u00e4r \u00e4ven en del riktlinjer kring hur man kan f\u00f6lja upp p\u00e5 och utv\u00e4rdera sina framsteg. Vid en implementation av OKR har varje organisation att ta st\u00e4llning till vilken rytm (cadence) man ser passar de interna processerna [&hellip;]","og_url":"https:\/\/ec2-13-53-185-170.eu-north-1.compute.amazonaws.com\/sv\/hur-foljer-man-upp-och-poangsatter-okr\/","og_site_name":"OKR Bridge","article_publisher":"https:\/\/www.facebook.com\/Bantero-124067070959819\/","article_modified_time":"2021-08-21T14:04:00+00:00","og_image":[{"width":744,"height":400,"url":"https:\/\/okrbridge.com\/wp-content\/uploads\/2020\/03\/cover4.jpg","type":"image\/jpeg"}],"twitter_card":"summary_large_image","twitter_site":"@webpal","twitter_misc":{"Est. reading time":"7 minutes"},"schema":{"@context":"https:\/\/schema.org","@graph":[{"@type":"WebPage","@id":"https:\/\/ec2-13-53-185-170.eu-north-1.compute.amazonaws.com\/sv\/hur-foljer-man-upp-och-poangsatter-okr\/","url":"https:\/\/ec2-13-53-185-170.eu-north-1.compute.amazonaws.com\/sv\/hur-foljer-man-upp-och-poangsatter-okr\/","name":"Hur f\u00f6ljer man upp och po\u00e4ngs\u00e4tter OKR? - OKR Bridge","isPartOf":{"@id":"https:\/\/www.baidu.com:443\/#website"},"datePublished":"2021-08-21T14:03:47+00:00","dateModified":"2021-08-21T14:04:00+00:00","breadcrumb":{"@id":"https:\/\/ec2-13-53-185-170.eu-north-1.compute.amazonaws.com\/sv\/hur-foljer-man-upp-och-poangsatter-okr\/#breadcrumb"},"inLanguage":"sv-SE","potentialAction":[{"@type":"ReadAction","target":["https:\/\/ec2-13-53-185-170.eu-north-1.compute.amazonaws.com\/sv\/hur-foljer-man-upp-och-poangsatter-okr\/"]}]},{"@type":"BreadcrumbList","@id":"https:\/\/ec2-13-53-185-170.eu-north-1.compute.amazonaws.com\/sv\/hur-foljer-man-upp-och-poangsatter-okr\/#breadcrumb","itemListElement":[{"@type":"ListItem","position":1,"name":"Home","item":"http:\/\/13.53.185.170\/sv\/"},{"@type":"ListItem","position":2,"name":"Hur f\u00f6ljer man upp och po\u00e4ngs\u00e4tter OKR?"}]},{"@type":"WebSite","@id":"https:\/\/www.baidu.com:443\/#website","url":"https:\/\/www.baidu.com:443\/","name":"Bantero","description":"Objectives &amp; Key Results from theory to implementation","publisher":{"@id":"https:\/\/www.baidu.com:443\/#organization"},"potentialAction":[{"@type":"SearchAction","target":{"@type":"EntryPoint","urlTemplate":"https:\/\/www.baidu.com:443\/?s={search_term_string}"},"query-input":"required name=search_term_string"}],"inLanguage":"sv-SE"},{"@type":"Organization","@id":"https:\/\/www.baidu.com:443\/#organization","name":"Bantero AB","url":"https:\/\/www.baidu.com:443\/","logo":{"@type":"ImageObject","inLanguage":"sv-SE","@id":"https:\/\/www.baidu.com:443\/#\/schema\/logo\/image\/","url":"http:\/\/ec2-16-171-155-57.eu-north-1.compute.amazonaws.com\/wp-content\/uploads\/2020\/02\/email-bantero.png","contentUrl":"http:\/\/ec2-16-171-155-57.eu-north-1.compute.amazonaws.com\/wp-content\/uploads\/2020\/02\/email-bantero.png","width":192,"height":45,"caption":"Bantero AB"},"image":{"@id":"https:\/\/www.baidu.com:443\/#\/schema\/logo\/image\/"},"sameAs":["https:\/\/www.facebook.com\/Bantero-124067070959819\/","https:\/\/twitter.com\/webpal","https:\/\/www.linkedin.com\/company\/3524158"]}]}},"_links":{"self":[{"href":"https:\/\/okrbridge.com\/sv\/wp-json\/wp\/v2\/pages\/210"}],"collection":[{"href":"https:\/\/okrbridge.com\/sv\/wp-json\/wp\/v2\/pages"}],"about":[{"href":"https:\/\/okrbridge.com\/sv\/wp-json\/wp\/v2\/types\/page"}],"author":[{"embeddable":true,"href":"https:\/\/okrbridge.com\/sv\/wp-json\/wp\/v2\/users\/1"}],"replies":[{"embeddable":true,"href":"https:\/\/okrbridge.com\/sv\/wp-json\/wp\/v2\/comments?post=210"}],"version-history":[{"count":1,"href":"https:\/\/okrbridge.com\/sv\/wp-json\/wp\/v2\/pages\/210\/revisions"}],"predecessor-version":[{"id":211,"href":"https:\/\/okrbridge.com\/sv\/wp-json\/wp\/v2\/pages\/210\/revisions\/211"}],"wp:attachment":[{"href":"https:\/\/okrbridge.com\/sv\/wp-json\/wp\/v2\/media?parent=210"}],"curies":[{"name":"wp","href":"https:\/\/api.w.org\/{rel}","templated":true}]}}