{"id":223,"date":"2021-08-21T15:23:17","date_gmt":"2021-08-21T14:23:17","guid":{"rendered":"https:\/\/ec2-16-171-155-57.eu-north-1.compute.amazonaws.com\/?page_id=223"},"modified":"2021-08-21T15:36:08","modified_gmt":"2021-08-21T14:36:08","slug":"kontakt","status":"publish","type":"page","link":"https:\/\/okrbridge.com\/sv\/kontakt\/","title":{"rendered":"Kontakt"},"content":{"rendered":"\n<p>Denna webbplats drivs av Niklas Olsson. Du f\u00e5r g\u00e4rna kontakta mig p\u00e5 e-postadress <a href=\"mailto:niklas@bantero.com\">niklas@bantero.com<\/a> eller telefon +46733127112.<\/p>\n\n\n\n<p>Jag \u00e4r alltid nyfiken p\u00e5 all form av feedback p\u00e5 denna webbplats eller den bok om OKR jag skrivit (M\u00e5lstyrning med OKR). Tveka inte att h\u00f6ra av dig om du vill prata OKR, din organisations specifika utmaningar med metoden eller bara s\u00f6ker v\u00e4gledning vidare i er implementation!<\/p>\n","protected":false},"excerpt":{"rendered":"<p>Denna webbplats drivs av Niklas Olsson. Du f\u00e5r g\u00e4rna kontakta mig p\u00e5 e-postadress niklas@bantero.com eller telefon +46733127112. Jag \u00e4r alltid nyfiken p\u00e5 all form av feedback p\u00e5 denna webbplats eller den bok om OKR jag skrivit (M\u00e5lstyrning med OKR). Tveka inte att h\u00f6ra av dig om du vill prata OKR, din organisations specifika utmaningar med [&hellip;]<\/p>\n","protected":false},"author":1,"featured_media":0,"parent":0,"menu_order":0,"comment_status":"closed","ping_status":"closed","template":"templates\/regular-page.php","meta":{"footnotes":""},"yoast_head":"<!-- This site is optimized with the Yoast SEO plugin v21.1 - https:\/\/yoast.com\/wordpress\/plugins\/seo\/ -->\n<title>Kontakt - OKR Bridge<\/title>\n<meta name=\"robots\" content=\"index, follow, max-snippet:-1, max-image-preview:large, max-video-preview:-1\" \/>\n<link rel=\"canonical\" href=\"http:\/\/13.53.185.170:80\/sv\/kontakt\/\" \/>\n<meta property=\"og:locale\" content=\"sv_SE\" \/>\n<meta property=\"og:type\" content=\"article\" \/>\n<meta property=\"og:title\" content=\"Kontakt - OKR Bridge\" \/>\n<meta property=\"og:description\" content=\"Denna webbplats drivs av Niklas Olsson. Du f\u00e5r g\u00e4rna kontakta mig p\u00e5 e-postadress niklas@bantero.com eller telefon +46733127112. Jag \u00e4r alltid nyfiken p\u00e5 all form av feedback p\u00e5 denna webbplats eller den bok om OKR jag skrivit (M\u00e5lstyrning med OKR). Tveka inte att h\u00f6ra av dig om du vill prata OKR, din organisations specifika utmaningar med [&hellip;]\" \/>\n<meta property=\"og:url\" content=\"http:\/\/13.53.185.170:80\/sv\/kontakt\/\" \/>\n<meta property=\"og:site_name\" content=\"OKR Bridge\" \/>\n<meta property=\"article:publisher\" content=\"https:\/\/www.facebook.com\/Bantero-124067070959819\/\" \/>\n<meta property=\"article:modified_time\" content=\"2021-08-21T14:36:08+00:00\" \/>\n<meta property=\"og:image\" content=\"https:\/\/okrbridge.com\/wp-content\/uploads\/2020\/03\/cover4.jpg\" \/>\n\t<meta property=\"og:image:width\" content=\"744\" \/>\n\t<meta property=\"og:image:height\" content=\"400\" \/>\n\t<meta property=\"og:image:type\" content=\"image\/jpeg\" \/>\n<meta name=\"twitter:card\" content=\"summary_large_image\" \/>\n<meta name=\"twitter:site\" content=\"@webpal\" \/>\n<script type=\"application\/ld+json\" class=\"yoast-schema-graph\">{\"@context\":\"https:\/\/schema.org\",\"@graph\":[{\"@type\":\"WebPage\",\"@id\":\"http:\/\/13.53.185.170:80\/sv\/kontakt\/\",\"url\":\"http:\/\/13.53.185.170:80\/sv\/kontakt\/\",\"name\":\"Kontakt - OKR Bridge\",\"isPartOf\":{\"@id\":\"https:\/\/www.baidu.com:443\/#website\"},\"datePublished\":\"2021-08-21T14:23:17+00:00\",\"dateModified\":\"2021-08-21T14:36:08+00:00\",\"breadcrumb\":{\"@id\":\"http:\/\/13.53.185.170:80\/sv\/kontakt\/#breadcrumb\"},\"inLanguage\":\"sv-SE\",\"potentialAction\":[{\"@type\":\"ReadAction\",\"target\":[\"http:\/\/13.53.185.170:80\/sv\/kontakt\/\"]}]},{\"@type\":\"BreadcrumbList\",\"@id\":\"http:\/\/13.53.185.170:80\/sv\/kontakt\/#breadcrumb\",\"itemListElement\":[{\"@type\":\"ListItem\",\"position\":1,\"name\":\"Home\",\"item\":\"http:\/\/13.53.185.170\/sv\/\"},{\"@type\":\"ListItem\",\"position\":2,\"name\":\"Kontakt\"}]},{\"@type\":\"WebSite\",\"@id\":\"https:\/\/www.baidu.com:443\/#website\",\"url\":\"https:\/\/www.baidu.com:443\/\",\"name\":\"Bantero\",\"description\":\"Objectives &amp; Key Results from theory to implementation\",\"publisher\":{\"@id\":\"https:\/\/www.baidu.com:443\/#organization\"},\"potentialAction\":[{\"@type\":\"SearchAction\",\"target\":{\"@type\":\"EntryPoint\",\"urlTemplate\":\"https:\/\/www.baidu.com:443\/?s={search_term_string}\"},\"query-input\":\"required name=search_term_string\"}],\"inLanguage\":\"sv-SE\"},{\"@type\":\"Organization\",\"@id\":\"https:\/\/www.baidu.com:443\/#organization\",\"name\":\"Bantero AB\",\"url\":\"https:\/\/www.baidu.com:443\/\",\"logo\":{\"@type\":\"ImageObject\",\"inLanguage\":\"sv-SE\",\"@id\":\"https:\/\/www.baidu.com:443\/#\/schema\/logo\/image\/\",\"url\":\"http:\/\/ec2-16-171-155-57.eu-north-1.compute.amazonaws.com\/wp-content\/uploads\/2020\/02\/email-bantero.png\",\"contentUrl\":\"http:\/\/ec2-16-171-155-57.eu-north-1.compute.amazonaws.com\/wp-content\/uploads\/2020\/02\/email-bantero.png\",\"width\":192,\"height\":45,\"caption\":\"Bantero AB\"},\"image\":{\"@id\":\"https:\/\/www.baidu.com:443\/#\/schema\/logo\/image\/\"},\"sameAs\":[\"https:\/\/www.facebook.com\/Bantero-124067070959819\/\",\"https:\/\/twitter.com\/webpal\",\"https:\/\/www.linkedin.com\/company\/3524158\"]}]}<\/script>\n<!-- \/ Yoast SEO plugin. -->","yoast_head_json":{"title":"Kontakt - OKR Bridge","robots":{"index":"index","follow":"follow","max-snippet":"max-snippet:-1","max-image-preview":"max-image-preview:large","max-video-preview":"max-video-preview:-1"},"canonical":"http:\/\/13.53.185.170:80\/sv\/kontakt\/","og_locale":"sv_SE","og_type":"article","og_title":"Kontakt - OKR Bridge","og_description":"Denna webbplats drivs av Niklas Olsson. Du f\u00e5r g\u00e4rna kontakta mig p\u00e5 e-postadress niklas@bantero.com eller telefon +46733127112. Jag \u00e4r alltid nyfiken p\u00e5 all form av feedback p\u00e5 denna webbplats eller den bok om OKR jag skrivit (M\u00e5lstyrning med OKR). Tveka inte att h\u00f6ra av dig om du vill prata OKR, din organisations specifika utmaningar med [&hellip;]","og_url":"http:\/\/13.53.185.170:80\/sv\/kontakt\/","og_site_name":"OKR Bridge","article_publisher":"https:\/\/www.facebook.com\/Bantero-124067070959819\/","article_modified_time":"2021-08-21T14:36:08+00:00","og_image":[{"width":744,"height":400,"url":"https:\/\/okrbridge.com\/wp-content\/uploads\/2020\/03\/cover4.jpg","type":"image\/jpeg"}],"twitter_card":"summary_large_image","twitter_site":"@webpal","schema":{"@context":"https:\/\/schema.org","@graph":[{"@type":"WebPage","@id":"http:\/\/13.53.185.170:80\/sv\/kontakt\/","url":"http:\/\/13.53.185.170:80\/sv\/kontakt\/","name":"Kontakt - OKR Bridge","isPartOf":{"@id":"https:\/\/www.baidu.com:443\/#website"},"datePublished":"2021-08-21T14:23:17+00:00","dateModified":"2021-08-21T14:36:08+00:00","breadcrumb":{"@id":"http:\/\/13.53.185.170:80\/sv\/kontakt\/#breadcrumb"},"inLanguage":"sv-SE","potentialAction":[{"@type":"ReadAction","target":["http:\/\/13.53.185.170:80\/sv\/kontakt\/"]}]},{"@type":"BreadcrumbList","@id":"http:\/\/13.53.185.170:80\/sv\/kontakt\/#breadcrumb","itemListElement":[{"@type":"ListItem","position":1,"name":"Home","item":"http:\/\/13.53.185.170\/sv\/"},{"@type":"ListItem","position":2,"name":"Kontakt"}]},{"@type":"WebSite","@id":"https:\/\/www.baidu.com:443\/#website","url":"https:\/\/www.baidu.com:443\/","name":"Bantero","description":"Objectives &amp; Key Results from theory to implementation","publisher":{"@id":"https:\/\/www.baidu.com:443\/#organization"},"potentialAction":[{"@type":"SearchAction","target":{"@type":"EntryPoint","urlTemplate":"https:\/\/www.baidu.com:443\/?s={search_term_string}"},"query-input":"required name=search_term_string"}],"inLanguage":"sv-SE"},{"@type":"Organization","@id":"https:\/\/www.baidu.com:443\/#organization","name":"Bantero AB","url":"https:\/\/www.baidu.com:443\/","logo":{"@type":"ImageObject","inLanguage":"sv-SE","@id":"https:\/\/www.baidu.com:443\/#\/schema\/logo\/image\/","url":"http:\/\/ec2-16-171-155-57.eu-north-1.compute.amazonaws.com\/wp-content\/uploads\/2020\/02\/email-bantero.png","contentUrl":"http:\/\/ec2-16-171-155-57.eu-north-1.compute.amazonaws.com\/wp-content\/uploads\/2020\/02\/email-bantero.png","width":192,"height":45,"caption":"Bantero AB"},"image":{"@id":"https:\/\/www.baidu.com:443\/#\/schema\/logo\/image\/"},"sameAs":["https:\/\/www.facebook.com\/Bantero-124067070959819\/","https:\/\/twitter.com\/webpal","https:\/\/www.linkedin.com\/company\/3524158"]}]}},"_links":{"self":[{"href":"https:\/\/okrbridge.com\/sv\/wp-json\/wp\/v2\/pages\/223"}],"collection":[{"href":"https:\/\/okrbridge.com\/sv\/wp-json\/wp\/v2\/pages"}],"about":[{"href":"https:\/\/okrbridge.com\/sv\/wp-json\/wp\/v2\/types\/page"}],"author":[{"embeddable":true,"href":"https:\/\/okrbridge.com\/sv\/wp-json\/wp\/v2\/users\/1"}],"replies":[{"embeddable":true,"href":"https:\/\/okrbridge.com\/sv\/wp-json\/wp\/v2\/comments?post=223"}],"version-history":[{"count":2,"href":"https:\/\/okrbridge.com\/sv\/wp-json\/wp\/v2\/pages\/223\/revisions"}],"predecessor-version":[{"id":232,"href":"https:\/\/okrbridge.com\/sv\/wp-json\/wp\/v2\/pages\/223\/revisions\/232"}],"wp:attachment":[{"href":"https:\/\/okrbridge.com\/sv\/wp-json\/wp\/v2\/media?parent=223"}],"curies":[{"name":"wp","href":"https:\/\/api.w.org\/{rel}","templated":true}]}}